{"id":5449,"date":"2023-01-17T08:58:16","date_gmt":"2023-01-17T08:58:16","guid":{"rendered":"https:\/\/kpimining.com\/careers\/"},"modified":"2024-08-30T05:48:08","modified_gmt":"2024-08-30T05:48:08","slug":"carreiras","status":"publish","type":"page","link":"https:\/\/kpimining.com\/pt\/carreiras\/","title":{"rendered":"Carreiras"},"content":{"rendered":"\t\t<div data-elementor-type=\"wp-page\" data-elementor-id=\"5449\" class=\"elementor elementor-5449 elementor-584\" data-elementor-post-type=\"page\">\n\t\t\t\t\t\t<section class=\"elementor-section elementor-top-section elementor-element elementor-element-6cb1fb5 elementor-section-height-min-height career-1 hero_div elementor-section-boxed elementor-section-height-default elementor-section-items-middle\" data-id=\"6cb1fb5\" data-element_type=\"section\" data-e-type=\"section\" data-settings=\"{&quot;background_background&quot;:&quot;classic&quot;}\">\n\t\t\t\t\t\t<div class=\"elementor-container elementor-column-gap-default\">\n\t\t\t\t\t<div class=\"elementor-column elementor-col-100 elementor-top-column elementor-element elementor-element-82a7237\" data-id=\"82a7237\" data-element_type=\"column\" data-e-type=\"column\">\n\t\t\t<div class=\"elementor-widget-wrap elementor-element-populated\">\n\t\t\t\t\t\t<section class=\"elementor-section elementor-inner-section elementor-element elementor-element-401f90e elementor-section-boxed elementor-section-height-default elementor-section-height-default\" data-id=\"401f90e\" data-element_type=\"section\" data-e-type=\"section\">\n\t\t\t\t\t\t<div class=\"elementor-container elementor-column-gap-default\">\n\t\t\t\t\t<div class=\"elementor-column elementor-col-100 elementor-inner-column elementor-element elementor-element-76cc9d2\" data-id=\"76cc9d2\" data-element_type=\"column\" data-e-type=\"column\">\n\t\t\t<div class=\"elementor-widget-wrap elementor-element-populated\">\n\t\t\t\t\t\t<div class=\"elementor-element elementor-element-6d7b391 elementor-widget elementor-widget-heading\" data-id=\"6d7b391\" data-element_type=\"widget\" data-e-type=\"widget\" data-widget_type=\"heading.default\">\n\t\t\t\t<div class=\"elementor-widget-container\">\n\t\t\t\t\t<h2 class=\"elementor-heading-title elementor-size-default\">Estamos gerando um impacto global na ind\u00fastria de minera\u00e7\u00e3o. Junte-se a n\u00f3s!<\/h2>\t\t\t\t<\/div>\n\t\t\t\t<\/div>\n\t\t\t\t<div class=\"elementor-element elementor-element-e3d83f7 elementor-widget elementor-widget-heading\" data-id=\"e3d83f7\" data-element_type=\"widget\" data-e-type=\"widget\" data-widget_type=\"heading.default\">\n\t\t\t\t<div class=\"elementor-widget-container\">\n\t\t\t\t\t<div class=\"elementor-heading-title elementor-size-default\">Somos uma equipe formada pelos mais talentosos especialistas em minera\u00e7\u00e3o, engenheiros, designers e cientistas de dados com perfil bastante inovador. Ao crescermos juntos como um time, alcan\u00e7amos a excel\u00eancia. Estamos procurando pessoas como voc\u00ea!<\/div>\t\t\t\t<\/div>\n\t\t\t\t<\/div>\n\t\t\t\t\t<\/div>\n\t\t<\/div>\n\t\t\t\t\t<\/div>\n\t\t<\/section>\n\t\t\t\t\t<\/div>\n\t\t<\/div>\n\t\t\t\t\t<\/div>\n\t\t<\/section>\n\t\t\t\t<section class=\"elementor-section elementor-top-section elementor-element elementor-element-9c26a8e elementor-section-boxed elementor-section-height-default elementor-section-height-default\" data-id=\"9c26a8e\" data-element_type=\"section\" data-e-type=\"section\">\n\t\t\t\t\t\t<div class=\"elementor-container elementor-column-gap-default\">\n\t\t\t\t\t<div class=\"elementor-column elementor-col-100 elementor-top-column elementor-element elementor-element-f0c037d\" data-id=\"f0c037d\" data-element_type=\"column\" data-e-type=\"column\">\n\t\t\t<div class=\"elementor-widget-wrap elementor-element-populated\">\n\t\t\t\t\t\t<div class=\"elementor-element elementor-element-5cfe48b elementor-widget elementor-widget-heading\" data-id=\"5cfe48b\" data-element_type=\"widget\" data-e-type=\"widget\" data-widget_type=\"heading.default\">\n\t\t\t\t<div class=\"elementor-widget-container\">\n\t\t\t\t\t<h2 class=\"elementor-heading-title elementor-size-default\">Vagas em aberto<\/h2>\t\t\t\t<\/div>\n\t\t\t\t<\/div>\n\t\t\t\t<div class=\"elementor-element elementor-element-475dc0f elementor-widget elementor-widget-html\" data-id=\"475dc0f\" data-element_type=\"widget\" data-e-type=\"widget\" data-widget_type=\"html.default\">\n\t\t\t\t<div class=\"elementor-widget-container\">\n\t\t\t\t\t<div id=\"BambooHR\" data-domain=\"kpidigital.bamboohr.com\" data-version=\"1.0.0\" data-departmentId=\"\"><\/div><script src=\"https:\/\/kpidigital.bamboohr.com\/js\/embed.js\" type=\"text\/javascript\" async defer><\/script>\t\t\t\t<\/div>\n\t\t\t\t<\/div>\n\t\t\t\t\t<\/div>\n\t\t<\/div>\n\t\t\t\t\t<\/div>\n\t\t<\/section>\n\t\t\t\t<\/div>\n\t\t","protected":false},"excerpt":{"rendered":"<p>Estamos gerando um impacto global na ind\u00fastria de minera\u00e7\u00e3o. Junte-se a n\u00f3s! Somos uma equipe formada pelos mais talentosos especialistas em minera\u00e7\u00e3o, engenheiros, designers e cientistas de dados com perfil bastante inovador. Ao crescermos juntos como um time, alcan\u00e7amos a excel\u00eancia. Estamos procurando pessoas como voc\u00ea! Vagas em aberto<\/p>\n","protected":false},"author":1,"featured_media":0,"parent":0,"menu_order":0,"comment_status":"closed","ping_status":"closed","template":"","meta":{"footnotes":""},"class_list":["post-5449","page","type-page","status-publish","hentry"],"yoast_head":"<!-- This site is optimized with the Yoast SEO plugin v27.0 - https:\/\/yoast.com\/product\/yoast-seo-wordpress\/ -->\n<title>Carreiras - KPI Mining Solutions<\/title>\n<meta name=\"robots\" content=\"index, follow, max-snippet:-1, max-image-preview:large, max-video-preview:-1\" \/>\n<link rel=\"canonical\" href=\"https:\/\/kpimining.com\/pt\/carreiras\/\" \/>\n<meta property=\"og:locale\" content=\"pt_PT\" \/>\n<meta property=\"og:type\" content=\"article\" \/>\n<meta property=\"og:title\" content=\"Carreiras - KPI Mining Solutions\" \/>\n<meta property=\"og:description\" content=\"Estamos gerando um impacto global na ind\u00fastria de minera\u00e7\u00e3o. Junte-se a n\u00f3s! Somos uma equipe formada pelos mais talentosos especialistas em minera\u00e7\u00e3o, engenheiros, designers e cientistas de dados com perfil bastante inovador. Ao crescermos juntos como um time, alcan\u00e7amos a excel\u00eancia. Estamos procurando pessoas como voc\u00ea! Vagas em aberto\" \/>\n<meta property=\"og:url\" content=\"https:\/\/kpimining.com\/pt\/carreiras\/\" \/>\n<meta property=\"og:site_name\" content=\"KPI Mining Solutions\" \/>\n<meta property=\"article:publisher\" content=\"https:\/\/www.facebook.com\/KPIMining\" \/>\n<meta property=\"article:modified_time\" content=\"2024-08-30T05:48:08+00:00\" \/>\n<meta name=\"twitter:card\" content=\"summary_large_image\" \/>\n<meta name=\"twitter:label1\" content=\"Est. reading time\" \/>\n\t<meta name=\"twitter:data1\" content=\"1 minute\" \/>\n<script type=\"application\/ld+json\" class=\"yoast-schema-graph\">{\"@context\":\"https:\/\/schema.org\",\"@graph\":[{\"@type\":\"WebPage\",\"@id\":\"https:\/\/kpimining.com\/pt\/carreiras\/\",\"url\":\"https:\/\/kpimining.com\/pt\/carreiras\/\",\"name\":\"Carreiras - KPI Mining Solutions\",\"isPartOf\":{\"@id\":\"https:\/\/kpimining.com\/#website\"},\"datePublished\":\"2023-01-17T08:58:16+00:00\",\"dateModified\":\"2024-08-30T05:48:08+00:00\",\"breadcrumb\":{\"@id\":\"https:\/\/kpimining.com\/pt\/carreiras\/#breadcrumb\"},\"inLanguage\":\"pt\",\"potentialAction\":[{\"@type\":\"ReadAction\",\"target\":[\"https:\/\/kpimining.com\/pt\/carreiras\/\"]}]},{\"@type\":\"BreadcrumbList\",\"@id\":\"https:\/\/kpimining.com\/pt\/carreiras\/#breadcrumb\",\"itemListElement\":[{\"@type\":\"ListItem\",\"position\":1,\"name\":\"Home\",\"item\":\"https:\/\/kpimining.com\/\"},{\"@type\":\"ListItem\",\"position\":2,\"name\":\"Carreiras\"}]},{\"@type\":\"WebSite\",\"@id\":\"https:\/\/kpimining.com\/#website\",\"url\":\"https:\/\/kpimining.com\/\",\"name\":\"KPI Mining Solutions\",\"description\":\"\",\"publisher\":{\"@id\":\"https:\/\/kpimining.com\/#organization\"},\"potentialAction\":[{\"@type\":\"SearchAction\",\"target\":{\"@type\":\"EntryPoint\",\"urlTemplate\":\"https:\/\/kpimining.com\/?s={search_term_string}\"},\"query-input\":{\"@type\":\"PropertyValueSpecification\",\"valueRequired\":true,\"valueName\":\"search_term_string\"}}],\"inLanguage\":\"pt\"},{\"@type\":\"Organization\",\"@id\":\"https:\/\/kpimining.com\/#organization\",\"name\":\"KPI Mining Solutions\",\"url\":\"https:\/\/kpimining.com\/\",\"logo\":{\"@type\":\"ImageObject\",\"inLanguage\":\"pt\",\"@id\":\"https:\/\/kpimining.com\/#\/schema\/logo\/image\/\",\"url\":\"https:\/\/kpimining.com\/wp-content\/uploads\/2023\/01\/KPIMiningSolutions-Logo.png\",\"contentUrl\":\"https:\/\/kpimining.com\/wp-content\/uploads\/2023\/01\/KPIMiningSolutions-Logo.png\",\"width\":500,\"height\":123,\"caption\":\"KPI Mining Solutions\"},\"image\":{\"@id\":\"https:\/\/kpimining.com\/#\/schema\/logo\/image\/\"},\"sameAs\":[\"https:\/\/www.facebook.com\/KPIMining\",\"https:\/\/www.linkedin.com\/company\/kpi-mining-solutions\",\"https:\/\/www.instagram.com\/kpiminingsolutions\/\",\"https:\/\/www.youtube.com\/@kpiminingsolutions4843\"]}]}<\/script>\n<!-- \/ Yoast SEO plugin. -->","yoast_head_json":{"title":"Carreiras - KPI Mining Solutions","robots":{"index":"index","follow":"follow","max-snippet":"max-snippet:-1","max-image-preview":"max-image-preview:large","max-video-preview":"max-video-preview:-1"},"canonical":"https:\/\/kpimining.com\/pt\/carreiras\/","og_locale":"pt_PT","og_type":"article","og_title":"Carreiras - KPI Mining Solutions","og_description":"Estamos gerando um impacto global na ind\u00fastria de minera\u00e7\u00e3o. Junte-se a n\u00f3s! Somos uma equipe formada pelos mais talentosos especialistas em minera\u00e7\u00e3o, engenheiros, designers e cientistas de dados com perfil bastante inovador. Ao crescermos juntos como um time, alcan\u00e7amos a excel\u00eancia. Estamos procurando pessoas como voc\u00ea! Vagas em aberto","og_url":"https:\/\/kpimining.com\/pt\/carreiras\/","og_site_name":"KPI Mining Solutions","article_publisher":"https:\/\/www.facebook.com\/KPIMining","article_modified_time":"2024-08-30T05:48:08+00:00","twitter_card":"summary_large_image","twitter_misc":{"Est. reading time":"1 minute"},"schema":{"@context":"https:\/\/schema.org","@graph":[{"@type":"WebPage","@id":"https:\/\/kpimining.com\/pt\/carreiras\/","url":"https:\/\/kpimining.com\/pt\/carreiras\/","name":"Carreiras - KPI Mining Solutions","isPartOf":{"@id":"https:\/\/kpimining.com\/#website"},"datePublished":"2023-01-17T08:58:16+00:00","dateModified":"2024-08-30T05:48:08+00:00","breadcrumb":{"@id":"https:\/\/kpimining.com\/pt\/carreiras\/#breadcrumb"},"inLanguage":"pt","potentialAction":[{"@type":"ReadAction","target":["https:\/\/kpimining.com\/pt\/carreiras\/"]}]},{"@type":"BreadcrumbList","@id":"https:\/\/kpimining.com\/pt\/carreiras\/#breadcrumb","itemListElement":[{"@type":"ListItem","position":1,"name":"Home","item":"https:\/\/kpimining.com\/"},{"@type":"ListItem","position":2,"name":"Carreiras"}]},{"@type":"WebSite","@id":"https:\/\/kpimining.com\/#website","url":"https:\/\/kpimining.com\/","name":"KPI Mining Solutions","description":"","publisher":{"@id":"https:\/\/kpimining.com\/#organization"},"potentialAction":[{"@type":"SearchAction","target":{"@type":"EntryPoint","urlTemplate":"https:\/\/kpimining.com\/?s={search_term_string}"},"query-input":{"@type":"PropertyValueSpecification","valueRequired":true,"valueName":"search_term_string"}}],"inLanguage":"pt"},{"@type":"Organization","@id":"https:\/\/kpimining.com\/#organization","name":"KPI Mining Solutions","url":"https:\/\/kpimining.com\/","logo":{"@type":"ImageObject","inLanguage":"pt","@id":"https:\/\/kpimining.com\/#\/schema\/logo\/image\/","url":"https:\/\/kpimining.com\/wp-content\/uploads\/2023\/01\/KPIMiningSolutions-Logo.png","contentUrl":"https:\/\/kpimining.com\/wp-content\/uploads\/2023\/01\/KPIMiningSolutions-Logo.png","width":500,"height":123,"caption":"KPI Mining Solutions"},"image":{"@id":"https:\/\/kpimining.com\/#\/schema\/logo\/image\/"},"sameAs":["https:\/\/www.facebook.com\/KPIMining","https:\/\/www.linkedin.com\/company\/kpi-mining-solutions","https:\/\/www.instagram.com\/kpiminingsolutions\/","https:\/\/www.youtube.com\/@kpiminingsolutions4843"]}]}},"_links":{"self":[{"href":"https:\/\/kpimining.com\/pt\/wp-json\/wp\/v2\/pages\/5449","targetHints":{"allow":["GET"]}}],"collection":[{"href":"https:\/\/kpimining.com\/pt\/wp-json\/wp\/v2\/pages"}],"about":[{"href":"https:\/\/kpimining.com\/pt\/wp-json\/wp\/v2\/types\/page"}],"author":[{"embeddable":true,"href":"https:\/\/kpimining.com\/pt\/wp-json\/wp\/v2\/users\/1"}],"replies":[{"embeddable":true,"href":"https:\/\/kpimining.com\/pt\/wp-json\/wp\/v2\/comments?post=5449"}],"version-history":[{"count":4,"href":"https:\/\/kpimining.com\/pt\/wp-json\/wp\/v2\/pages\/5449\/revisions"}],"predecessor-version":[{"id":5454,"href":"https:\/\/kpimining.com\/pt\/wp-json\/wp\/v2\/pages\/5449\/revisions\/5454"}],"wp:attachment":[{"href":"https:\/\/kpimining.com\/pt\/wp-json\/wp\/v2\/media?parent=5449"}],"curies":[{"name":"wp","href":"https:\/\/api.w.org\/{rel}","templated":true}]}}