{"id":2300,"date":"2023-01-17T08:58:16","date_gmt":"2023-01-17T08:58:16","guid":{"rendered":"https:\/\/kpimining.com\/careers\/"},"modified":"2023-10-24T09:44:37","modified_gmt":"2023-10-24T09:44:37","slug":"carrieres","status":"publish","type":"page","link":"https:\/\/kpimining.com\/fr\/carrieres\/","title":{"rendered":"Carri\u00e8res"},"content":{"rendered":"\t\t<div data-elementor-type=\"wp-page\" data-elementor-id=\"2300\" class=\"elementor elementor-2300 elementor-584\" data-elementor-post-type=\"page\">\n\t\t\t\t\t\t<section class=\"elementor-section elementor-top-section elementor-element elementor-element-6cb1fb5 elementor-section-height-min-height career-1 hero_div elementor-section-boxed elementor-section-height-default elementor-section-items-middle\" data-id=\"6cb1fb5\" data-element_type=\"section\" data-e-type=\"section\" data-settings=\"{&quot;background_background&quot;:&quot;classic&quot;}\">\n\t\t\t\t\t\t<div class=\"elementor-container elementor-column-gap-default\">\n\t\t\t\t\t<div class=\"elementor-column elementor-col-100 elementor-top-column elementor-element elementor-element-82a7237\" data-id=\"82a7237\" data-element_type=\"column\" data-e-type=\"column\">\n\t\t\t<div class=\"elementor-widget-wrap elementor-element-populated\">\n\t\t\t\t\t\t<section class=\"elementor-section elementor-inner-section elementor-element elementor-element-401f90e elementor-section-boxed elementor-section-height-default elementor-section-height-default\" data-id=\"401f90e\" data-element_type=\"section\" data-e-type=\"section\">\n\t\t\t\t\t\t<div class=\"elementor-container elementor-column-gap-default\">\n\t\t\t\t\t<div class=\"elementor-column elementor-col-100 elementor-inner-column elementor-element elementor-element-76cc9d2\" data-id=\"76cc9d2\" data-element_type=\"column\" data-e-type=\"column\">\n\t\t\t<div class=\"elementor-widget-wrap elementor-element-populated\">\n\t\t\t\t\t\t<div class=\"elementor-element elementor-element-6d7b391 elementor-widget elementor-widget-heading\" data-id=\"6d7b391\" data-element_type=\"widget\" data-e-type=\"widget\" data-widget_type=\"heading.default\">\n\t\t\t\t<div class=\"elementor-widget-container\">\n\t\t\t\t\t<h2 class=\"elementor-heading-title elementor-size-default\">Nous impactons l\u2019industrie mini\u00e8re mondiale. <br \/>Vous souhaitez nous rejoindre ?<\/h2>\t\t\t\t<\/div>\n\t\t\t\t<\/div>\n\t\t\t\t<div class=\"elementor-element elementor-element-563174a elementor-widget elementor-widget-text-editor\" data-id=\"563174a\" data-element_type=\"widget\" data-e-type=\"widget\" data-widget_type=\"text-editor.default\">\n\t\t\t\t<div class=\"elementor-widget-container\">\n\t\t\t\t\t\t\t\t\tNous sommes une \u00e9quipe compos\u00e9e des plus talentueux experts en exploitation mini\u00e8re, d\u2019ing\u00e9nieurs, de designers et de scientiques de donn\u00e9es; somme toute, une \u00e9quipe talentueuse aux id\u00e9es novatrices. En collaborant et en grandissant ensemble, nous atteignons des sommets et nous sommes \u00e0 la recherche de personnes comme vous !\t\t\t\t\t\t\t\t<\/div>\n\t\t\t\t<\/div>\n\t\t\t\t\t<\/div>\n\t\t<\/div>\n\t\t\t\t\t<\/div>\n\t\t<\/section>\n\t\t\t\t\t<\/div>\n\t\t<\/div>\n\t\t\t\t\t<\/div>\n\t\t<\/section>\n\t\t\t\t<section class=\"elementor-section elementor-top-section elementor-element elementor-element-9c26a8e elementor-section-boxed elementor-section-height-default elementor-section-height-default\" data-id=\"9c26a8e\" data-element_type=\"section\" data-e-type=\"section\">\n\t\t\t\t\t\t<div class=\"elementor-container elementor-column-gap-default\">\n\t\t\t\t\t<div class=\"elementor-column elementor-col-100 elementor-top-column elementor-element elementor-element-f0c037d\" data-id=\"f0c037d\" data-element_type=\"column\" data-e-type=\"column\">\n\t\t\t<div class=\"elementor-widget-wrap elementor-element-populated\">\n\t\t\t\t\t\t<div class=\"elementor-element elementor-element-5cfe48b elementor-widget elementor-widget-heading\" data-id=\"5cfe48b\" data-element_type=\"widget\" data-e-type=\"widget\" data-widget_type=\"heading.default\">\n\t\t\t\t<div class=\"elementor-widget-container\">\n\t\t\t\t\t<h2 class=\"elementor-heading-title elementor-size-default\">Postes disponibles \n<\/h2>\t\t\t\t<\/div>\n\t\t\t\t<\/div>\n\t\t\t\t<div class=\"elementor-element elementor-element-475dc0f elementor-widget elementor-widget-html\" data-id=\"475dc0f\" data-element_type=\"widget\" data-e-type=\"widget\" data-widget_type=\"html.default\">\n\t\t\t\t<div class=\"elementor-widget-container\">\n\t\t\t\t\t<div id=\"BambooHR\" data-domain=\"kpidigital.bamboohr.com\" data-version=\"1.0.0\" data-departmentId=\"\"><\/div><script src=\"https:\/\/kpidigital.bamboohr.com\/js\/embed.js\" type=\"text\/javascript\" async defer><\/script>\t\t\t\t<\/div>\n\t\t\t\t<\/div>\n\t\t\t\t\t<\/div>\n\t\t<\/div>\n\t\t\t\t\t<\/div>\n\t\t<\/section>\n\t\t\t\t<\/div>\n\t\t","protected":false},"excerpt":{"rendered":"<p>Nous impactons l\u2019industrie mini\u00e8re mondiale. Vous souhaitez nous rejoindre ? Nous sommes une \u00e9quipe compos\u00e9e des plus talentueux experts en exploitation mini\u00e8re, d\u2019ing\u00e9nieurs, de designers et de scientiques de donn\u00e9es; somme toute, une \u00e9quipe talentueuse aux id\u00e9es novatrices. En collaborant et en grandissant ensemble, nous atteignons des sommets et nous sommes \u00e0 la recherche de [&hellip;]<\/p>\n","protected":false},"author":1,"featured_media":0,"parent":0,"menu_order":0,"comment_status":"closed","ping_status":"closed","template":"","meta":{"footnotes":""},"class_list":["post-2300","page","type-page","status-publish","hentry"],"yoast_head":"<!-- This site is optimized with the Yoast SEO plugin v27.0 - https:\/\/yoast.com\/product\/yoast-seo-wordpress\/ -->\n<title>Carri\u00e8res - KPI Mining Solutions<\/title>\n<meta name=\"robots\" content=\"index, follow, max-snippet:-1, max-image-preview:large, max-video-preview:-1\" \/>\n<link rel=\"canonical\" href=\"https:\/\/kpimining.com\/careers\/\" \/>\n<meta property=\"og:locale\" content=\"fr_FR\" \/>\n<meta property=\"og:type\" content=\"article\" \/>\n<meta property=\"og:title\" content=\"Carri\u00e8res - KPI Mining Solutions\" \/>\n<meta property=\"og:description\" content=\"Nous impactons l\u2019industrie mini\u00e8re mondiale. Vous souhaitez nous rejoindre ? Nous sommes une \u00e9quipe compos\u00e9e des plus talentueux experts en exploitation mini\u00e8re, d\u2019ing\u00e9nieurs, de designers et de scientiques de donn\u00e9es; somme toute, une \u00e9quipe talentueuse aux id\u00e9es novatrices. En collaborant et en grandissant ensemble, nous atteignons des sommets et nous sommes \u00e0 la recherche de [&hellip;]\" \/>\n<meta property=\"og:url\" content=\"https:\/\/kpimining.com\/careers\/\" \/>\n<meta property=\"og:site_name\" content=\"KPI Mining Solutions\" \/>\n<meta property=\"article:publisher\" content=\"https:\/\/www.facebook.com\/KPIMining\" \/>\n<meta property=\"article:modified_time\" content=\"2023-10-24T09:44:37+00:00\" \/>\n<meta name=\"twitter:card\" content=\"summary_large_image\" \/>\n<meta name=\"twitter:label1\" content=\"Dur\u00e9e de lecture estim\u00e9e\" \/>\n\t<meta name=\"twitter:data1\" content=\"1 minute\" \/>\n<script type=\"application\/ld+json\" class=\"yoast-schema-graph\">{\"@context\":\"https:\/\/schema.org\",\"@graph\":[{\"@type\":\"WebPage\",\"@id\":\"https:\/\/kpimining.com\/careers\/\",\"url\":\"https:\/\/kpimining.com\/careers\/\",\"name\":\"Carri\u00e8res - KPI Mining Solutions\",\"isPartOf\":{\"@id\":\"https:\/\/kpimining.com\/#website\"},\"datePublished\":\"2023-01-17T08:58:16+00:00\",\"dateModified\":\"2023-10-24T09:44:37+00:00\",\"breadcrumb\":{\"@id\":\"https:\/\/kpimining.com\/careers\/#breadcrumb\"},\"inLanguage\":\"fr-FR\",\"potentialAction\":[{\"@type\":\"ReadAction\",\"target\":[\"https:\/\/kpimining.com\/careers\/\"]}]},{\"@type\":\"BreadcrumbList\",\"@id\":\"https:\/\/kpimining.com\/careers\/#breadcrumb\",\"itemListElement\":[{\"@type\":\"ListItem\",\"position\":1,\"name\":\"Home\",\"item\":\"https:\/\/kpimining.com\/\"},{\"@type\":\"ListItem\",\"position\":2,\"name\":\"Carri\u00e8res\"}]},{\"@type\":\"WebSite\",\"@id\":\"https:\/\/kpimining.com\/#website\",\"url\":\"https:\/\/kpimining.com\/\",\"name\":\"KPI Mining Solutions\",\"description\":\"\",\"publisher\":{\"@id\":\"https:\/\/kpimining.com\/#organization\"},\"potentialAction\":[{\"@type\":\"SearchAction\",\"target\":{\"@type\":\"EntryPoint\",\"urlTemplate\":\"https:\/\/kpimining.com\/?s={search_term_string}\"},\"query-input\":{\"@type\":\"PropertyValueSpecification\",\"valueRequired\":true,\"valueName\":\"search_term_string\"}}],\"inLanguage\":\"fr-FR\"},{\"@type\":\"Organization\",\"@id\":\"https:\/\/kpimining.com\/#organization\",\"name\":\"KPI Mining Solutions\",\"url\":\"https:\/\/kpimining.com\/\",\"logo\":{\"@type\":\"ImageObject\",\"inLanguage\":\"fr-FR\",\"@id\":\"https:\/\/kpimining.com\/#\/schema\/logo\/image\/\",\"url\":\"https:\/\/kpimining.com\/wp-content\/uploads\/2023\/01\/KPIMiningSolutions-Logo.png\",\"contentUrl\":\"https:\/\/kpimining.com\/wp-content\/uploads\/2023\/01\/KPIMiningSolutions-Logo.png\",\"width\":500,\"height\":123,\"caption\":\"KPI Mining Solutions\"},\"image\":{\"@id\":\"https:\/\/kpimining.com\/#\/schema\/logo\/image\/\"},\"sameAs\":[\"https:\/\/www.facebook.com\/KPIMining\",\"https:\/\/www.linkedin.com\/company\/kpi-mining-solutions\",\"https:\/\/www.instagram.com\/kpiminingsolutions\/\",\"https:\/\/www.youtube.com\/@kpiminingsolutions4843\"]}]}<\/script>\n<!-- \/ Yoast SEO plugin. -->","yoast_head_json":{"title":"Carri\u00e8res - KPI Mining Solutions","robots":{"index":"index","follow":"follow","max-snippet":"max-snippet:-1","max-image-preview":"max-image-preview:large","max-video-preview":"max-video-preview:-1"},"canonical":"https:\/\/kpimining.com\/careers\/","og_locale":"fr_FR","og_type":"article","og_title":"Carri\u00e8res - KPI Mining Solutions","og_description":"Nous impactons l\u2019industrie mini\u00e8re mondiale. Vous souhaitez nous rejoindre ? Nous sommes une \u00e9quipe compos\u00e9e des plus talentueux experts en exploitation mini\u00e8re, d\u2019ing\u00e9nieurs, de designers et de scientiques de donn\u00e9es; somme toute, une \u00e9quipe talentueuse aux id\u00e9es novatrices. En collaborant et en grandissant ensemble, nous atteignons des sommets et nous sommes \u00e0 la recherche de [&hellip;]","og_url":"https:\/\/kpimining.com\/careers\/","og_site_name":"KPI Mining Solutions","article_publisher":"https:\/\/www.facebook.com\/KPIMining","article_modified_time":"2023-10-24T09:44:37+00:00","twitter_card":"summary_large_image","twitter_misc":{"Dur\u00e9e de lecture estim\u00e9e":"1 minute"},"schema":{"@context":"https:\/\/schema.org","@graph":[{"@type":"WebPage","@id":"https:\/\/kpimining.com\/careers\/","url":"https:\/\/kpimining.com\/careers\/","name":"Carri\u00e8res - KPI Mining Solutions","isPartOf":{"@id":"https:\/\/kpimining.com\/#website"},"datePublished":"2023-01-17T08:58:16+00:00","dateModified":"2023-10-24T09:44:37+00:00","breadcrumb":{"@id":"https:\/\/kpimining.com\/careers\/#breadcrumb"},"inLanguage":"fr-FR","potentialAction":[{"@type":"ReadAction","target":["https:\/\/kpimining.com\/careers\/"]}]},{"@type":"BreadcrumbList","@id":"https:\/\/kpimining.com\/careers\/#breadcrumb","itemListElement":[{"@type":"ListItem","position":1,"name":"Home","item":"https:\/\/kpimining.com\/"},{"@type":"ListItem","position":2,"name":"Carri\u00e8res"}]},{"@type":"WebSite","@id":"https:\/\/kpimining.com\/#website","url":"https:\/\/kpimining.com\/","name":"KPI Mining Solutions","description":"","publisher":{"@id":"https:\/\/kpimining.com\/#organization"},"potentialAction":[{"@type":"SearchAction","target":{"@type":"EntryPoint","urlTemplate":"https:\/\/kpimining.com\/?s={search_term_string}"},"query-input":{"@type":"PropertyValueSpecification","valueRequired":true,"valueName":"search_term_string"}}],"inLanguage":"fr-FR"},{"@type":"Organization","@id":"https:\/\/kpimining.com\/#organization","name":"KPI Mining Solutions","url":"https:\/\/kpimining.com\/","logo":{"@type":"ImageObject","inLanguage":"fr-FR","@id":"https:\/\/kpimining.com\/#\/schema\/logo\/image\/","url":"https:\/\/kpimining.com\/wp-content\/uploads\/2023\/01\/KPIMiningSolutions-Logo.png","contentUrl":"https:\/\/kpimining.com\/wp-content\/uploads\/2023\/01\/KPIMiningSolutions-Logo.png","width":500,"height":123,"caption":"KPI Mining Solutions"},"image":{"@id":"https:\/\/kpimining.com\/#\/schema\/logo\/image\/"},"sameAs":["https:\/\/www.facebook.com\/KPIMining","https:\/\/www.linkedin.com\/company\/kpi-mining-solutions","https:\/\/www.instagram.com\/kpiminingsolutions\/","https:\/\/www.youtube.com\/@kpiminingsolutions4843"]}]}},"_links":{"self":[{"href":"https:\/\/kpimining.com\/fr\/wp-json\/wp\/v2\/pages\/2300","targetHints":{"allow":["GET"]}}],"collection":[{"href":"https:\/\/kpimining.com\/fr\/wp-json\/wp\/v2\/pages"}],"about":[{"href":"https:\/\/kpimining.com\/fr\/wp-json\/wp\/v2\/types\/page"}],"author":[{"embeddable":true,"href":"https:\/\/kpimining.com\/fr\/wp-json\/wp\/v2\/users\/1"}],"replies":[{"embeddable":true,"href":"https:\/\/kpimining.com\/fr\/wp-json\/wp\/v2\/comments?post=2300"}],"version-history":[{"count":30,"href":"https:\/\/kpimining.com\/fr\/wp-json\/wp\/v2\/pages\/2300\/revisions"}],"predecessor-version":[{"id":3877,"href":"https:\/\/kpimining.com\/fr\/wp-json\/wp\/v2\/pages\/2300\/revisions\/3877"}],"wp:attachment":[{"href":"https:\/\/kpimining.com\/fr\/wp-json\/wp\/v2\/media?parent=2300"}],"curies":[{"name":"wp","href":"https:\/\/api.w.org\/{rel}","templated":true}]}}